{"id":214,"date":"2023-08-23T14:14:28","date_gmt":"2023-08-23T14:14:28","guid":{"rendered":"https:\/\/hotel-brin-dazur.ms2.decms.eu\/activites\/"},"modified":"2023-08-31T09:32:36","modified_gmt":"2023-08-31T09:32:36","slug":"activities","status":"publish","type":"page","link":"https:\/\/www.hotelbrindazur.com\/en\/activities\/","title":{"rendered":"Activities"},"content":{"rendered":"<p style=\"text-align: center;\"><span data-sheets-value=\"{&quot;1&quot;:2,&quot;2&quot;:&quot;Discover the beauty of the Gulf of Saint-Tropez and enjoy a memorable holiday.\\nThere's no shortage of activities in the region! Whether you're a family, a couple or a group of friends, there's something for everyone! Explore the nature around you, visit one of the many vineyards in the region, stroll through the legendary village of Saint-Tropez, or relax on one of the magnificent beaches nearby.&quot;}\" data-sheets-userformat=\"{&quot;2&quot;:15359,&quot;3&quot;:{&quot;1&quot;:0},&quot;4&quot;:{&quot;1&quot;:2,&quot;2&quot;:16777215},&quot;5&quot;:{&quot;1&quot;:[{&quot;1&quot;:2,&quot;2&quot;:0,&quot;5&quot;:{&quot;1&quot;:2,&quot;2&quot;:14277081}},{&quot;1&quot;:0,&quot;2&quot;:0,&quot;3&quot;:3},{&quot;1&quot;:1,&quot;2&quot;:0,&quot;4&quot;:1}]},&quot;6&quot;:{&quot;1&quot;:[{&quot;1&quot;:2,&quot;2&quot;:0,&quot;5&quot;:{&quot;1&quot;:2,&quot;2&quot;:14277081}},{&quot;1&quot;:0,&quot;2&quot;:0,&quot;3&quot;:3},{&quot;1&quot;:1,&quot;2&quot;:0,&quot;4&quot;:1}]},&quot;7&quot;:{&quot;1&quot;:[{&quot;1&quot;:2,&quot;2&quot;:0,&quot;5&quot;:{&quot;1&quot;:2,&quot;2&quot;:14277081}},{&quot;1&quot;:0,&quot;2&quot;:0,&quot;3&quot;:3},{&quot;1&quot;:1,&quot;2&quot;:0,&quot;4&quot;:1}]},&quot;8&quot;:{&quot;1&quot;:[{&quot;1&quot;:2,&quot;2&quot;:0,&quot;5&quot;:{&quot;1&quot;:2,&quot;2&quot;:14277081}},{&quot;1&quot;:0,&quot;2&quot;:0,&quot;3&quot;:3},{&quot;1&quot;:1,&quot;2&quot;:0,&quot;4&quot;:1}]},&quot;9&quot;:0,&quot;10&quot;:1,&quot;11&quot;:4,&quot;12&quot;:0,&quot;14&quot;:{&quot;1&quot;:2,&quot;2&quot;:0},&quot;15&quot;:&quot;Montserrat&quot;,&quot;16&quot;:10}\">Discover the beauty of the <strong>Gulf of Saint-Tropez<\/strong> and enjoy a <strong>memorable holiday<\/strong>.<br \/>\nThere&#8217;s no shortage of activities in the region! <strong>Whether you&#8217;re a family, a couple or a group of friends<\/strong>, there&#8217;s something for everyone! Explore the nature around you, visit one of the many vineyards in the region, stroll through the legendary <strong>village of Saint-Tropez<\/strong>, or relax on one of the <strong>magnificent beaches nearby<\/strong>.<\/span><\/p>\n<p style=\"text-align: center;\"><span data-sheets-value=\"{&quot;1&quot;:2,&quot;2&quot;:&quot;D\u00e9couvrez la beaut\u00e9 du Golfe de Saint-Tropez et vivez un s\u00e9jour m\u00e9morable.\\nLes activit\u00e9s ne manquent pas dans la r\u00e9gion ! En famille, en duo ou entre amis, vous en trouverez pour tous les go\u00fbts ! Explorez la nature autour de vous, visitez l'un des nombreux vignobles de la r\u00e9gion, flaner dans le village mythique de Saint-Tropez, ou encore pr\u00e9lassez vous sur l'une des magnifiques plages \u00e0 proximit\u00e9.\\n &quot;}\" data-sheets-userformat=\"{&quot;2&quot;:15359,&quot;3&quot;:{&quot;1&quot;:0},&quot;4&quot;:{&quot;1&quot;:2,&quot;2&quot;:16777215},&quot;5&quot;:{&quot;1&quot;:[{&quot;1&quot;:2,&quot;2&quot;:0,&quot;5&quot;:{&quot;1&quot;:2,&quot;2&quot;:14277081}},{&quot;1&quot;:0,&quot;2&quot;:0,&quot;3&quot;:3},{&quot;1&quot;:1,&quot;2&quot;:0,&quot;4&quot;:1}]},&quot;6&quot;:{&quot;1&quot;:[{&quot;1&quot;:2,&quot;2&quot;:0,&quot;5&quot;:{&quot;1&quot;:2,&quot;2&quot;:14277081}},{&quot;1&quot;:0,&quot;2&quot;:0,&quot;3&quot;:3},{&quot;1&quot;:1,&quot;2&quot;:0,&quot;4&quot;:1}]},&quot;7&quot;:{&quot;1&quot;:[{&quot;1&quot;:2,&quot;2&quot;:0,&quot;5&quot;:{&quot;1&quot;:2,&quot;2&quot;:14277081}},{&quot;1&quot;:0,&quot;2&quot;:0,&quot;3&quot;:3},{&quot;1&quot;:1,&quot;2&quot;:0,&quot;4&quot;:1}]},&quot;8&quot;:{&quot;1&quot;:[{&quot;1&quot;:2,&quot;2&quot;:0,&quot;5&quot;:{&quot;1&quot;:2,&quot;2&quot;:14277081}},{&quot;1&quot;:0,&quot;2&quot;:0,&quot;3&quot;:3},{&quot;1&quot;:1,&quot;2&quot;:0,&quot;4&quot;:1}]},&quot;9&quot;:0,&quot;10&quot;:1,&quot;11&quot;:4,&quot;12&quot;:0,&quot;14&quot;:{&quot;1&quot;:2,&quot;2&quot;:0},&quot;15&quot;:&quot;Montserrat&quot;,&quot;16&quot;:10}\">\u00a0<\/span><\/p>\n","protected":false},"excerpt":{"rendered":"<p>Discover the beauty of the Gulf of Saint-Tropez and enjoy a memorable holiday. There&#8217;s no shortage of activities in the region! Whether you&#8217;re a family, a couple or a group of friends, there&#8217;s something for everyone! Explore the nature around you, visit one of the many vineyards in the region, stroll through the legendary village [&hellip;]<\/p>\n","protected":false},"author":27,"featured_media":68,"parent":0,"menu_order":0,"comment_status":"closed","ping_status":"closed","template":"template-surroundings.php","meta":{"footnotes":""},"class_list":["post-214","page","type-page","status-publish","has-post-thumbnail","hentry"],"yoast_head":"<!-- This site is optimized with the Yoast SEO plugin v27.3 - https:\/\/yoast.com\/product\/yoast-seo-wordpress\/ -->\n<title>Activities - H\u00f4tel Brin d&#039;Azur<\/title>\n<meta name=\"robots\" content=\"index, follow, max-snippet:-1, max-image-preview:large, max-video-preview:-1\" \/>\n<link rel=\"canonical\" href=\"https:\/\/www.hotelbrindazur.com\/en\/activities\/\" \/>\n<meta property=\"og:locale\" content=\"en_US\" \/>\n<meta property=\"og:type\" content=\"article\" \/>\n<meta property=\"og:title\" content=\"Activities - H\u00f4tel Brin d&#039;Azur\" \/>\n<meta property=\"og:description\" content=\"Discover the beauty of the Gulf of Saint-Tropez and enjoy a memorable holiday. There&#8217;s no shortage of activities in the region! Whether you&#8217;re a family, a couple or a group of friends, there&#8217;s something for everyone! Explore the nature around you, visit one of the many vineyards in the region, stroll through the legendary village [&hellip;]\" \/>\n<meta property=\"og:url\" content=\"https:\/\/www.hotelbrindazur.com\/en\/activities\/\" \/>\n<meta property=\"og:site_name\" content=\"H\u00f4tel Brin d&#039;Azur\" \/>\n<meta property=\"article:modified_time\" content=\"2023-08-31T09:32:36+00:00\" \/>\n<meta property=\"og:image\" content=\"https:\/\/www.hotelbrindazur.com\/wp-content\/uploads\/sites\/61\/2023\/08\/Piscine.jpg\" \/>\n\t<meta property=\"og:image:width\" content=\"1798\" \/>\n\t<meta property=\"og:image:height\" content=\"1200\" \/>\n\t<meta property=\"og:image:type\" content=\"image\/jpeg\" \/>\n<meta name=\"twitter:card\" content=\"summary_large_image\" \/>\n<script type=\"application\/ld+json\" class=\"yoast-schema-graph\">{\"@context\":\"https:\\\/\\\/schema.org\",\"@graph\":[{\"@type\":\"WebPage\",\"@id\":\"https:\\\/\\\/www.hotelbrindazur.com\\\/en\\\/activities\\\/\",\"url\":\"https:\\\/\\\/www.hotelbrindazur.com\\\/en\\\/activities\\\/\",\"name\":\"Activities - H\u00f4tel Brin d'Azur\",\"isPartOf\":{\"@id\":\"https:\\\/\\\/www.hotelbrindazur.com\\\/en\\\/#website\"},\"primaryImageOfPage\":{\"@id\":\"https:\\\/\\\/www.hotelbrindazur.com\\\/en\\\/activities\\\/#primaryimage\"},\"image\":{\"@id\":\"https:\\\/\\\/www.hotelbrindazur.com\\\/en\\\/activities\\\/#primaryimage\"},\"thumbnailUrl\":\"https:\\\/\\\/www.hotelbrindazur.com\\\/wp-content\\\/uploads\\\/sites\\\/61\\\/2023\\\/08\\\/Piscine.jpg\",\"datePublished\":\"2023-08-23T14:14:28+00:00\",\"dateModified\":\"2023-08-31T09:32:36+00:00\",\"breadcrumb\":{\"@id\":\"https:\\\/\\\/www.hotelbrindazur.com\\\/en\\\/activities\\\/#breadcrumb\"},\"inLanguage\":\"en-US\",\"potentialAction\":[{\"@type\":\"ReadAction\",\"target\":[\"https:\\\/\\\/www.hotelbrindazur.com\\\/en\\\/activities\\\/\"]}]},{\"@type\":\"ImageObject\",\"inLanguage\":\"en-US\",\"@id\":\"https:\\\/\\\/www.hotelbrindazur.com\\\/en\\\/activities\\\/#primaryimage\",\"url\":\"https:\\\/\\\/www.hotelbrindazur.com\\\/wp-content\\\/uploads\\\/sites\\\/61\\\/2023\\\/08\\\/Piscine.jpg\",\"contentUrl\":\"https:\\\/\\\/www.hotelbrindazur.com\\\/wp-content\\\/uploads\\\/sites\\\/61\\\/2023\\\/08\\\/Piscine.jpg\",\"width\":1798,\"height\":1200},{\"@type\":\"BreadcrumbList\",\"@id\":\"https:\\\/\\\/www.hotelbrindazur.com\\\/en\\\/activities\\\/#breadcrumb\",\"itemListElement\":[{\"@type\":\"ListItem\",\"position\":1,\"name\":\"Home\",\"item\":\"https:\\\/\\\/www.hotelbrindazur.com\\\/en\\\/\"},{\"@type\":\"ListItem\",\"position\":2,\"name\":\"Activities\"}]},{\"@type\":\"WebSite\",\"@id\":\"https:\\\/\\\/www.hotelbrindazur.com\\\/en\\\/#website\",\"url\":\"https:\\\/\\\/www.hotelbrindazur.com\\\/en\\\/\",\"name\":\"H\u00f4tel Brin d'Azur\",\"description\":\"\",\"potentialAction\":[{\"@type\":\"SearchAction\",\"target\":{\"@type\":\"EntryPoint\",\"urlTemplate\":\"https:\\\/\\\/www.hotelbrindazur.com\\\/en\\\/?s={search_term_string}\"},\"query-input\":{\"@type\":\"PropertyValueSpecification\",\"valueRequired\":true,\"valueName\":\"search_term_string\"}}],\"inLanguage\":\"en-US\"}]}<\/script>\n<!-- \/ Yoast SEO plugin. -->","yoast_head_json":{"title":"Activities - H\u00f4tel Brin d'Azur","robots":{"index":"index","follow":"follow","max-snippet":"max-snippet:-1","max-image-preview":"max-image-preview:large","max-video-preview":"max-video-preview:-1"},"canonical":"https:\/\/www.hotelbrindazur.com\/en\/activities\/","og_locale":"en_US","og_type":"article","og_title":"Activities - H\u00f4tel Brin d'Azur","og_description":"Discover the beauty of the Gulf of Saint-Tropez and enjoy a memorable holiday. There&#8217;s no shortage of activities in the region! Whether you&#8217;re a family, a couple or a group of friends, there&#8217;s something for everyone! Explore the nature around you, visit one of the many vineyards in the region, stroll through the legendary village [&hellip;]","og_url":"https:\/\/www.hotelbrindazur.com\/en\/activities\/","og_site_name":"H\u00f4tel Brin d'Azur","article_modified_time":"2023-08-31T09:32:36+00:00","og_image":[{"width":1798,"height":1200,"url":"https:\/\/www.hotelbrindazur.com\/wp-content\/uploads\/sites\/61\/2023\/08\/Piscine.jpg","type":"image\/jpeg"}],"twitter_card":"summary_large_image","schema":{"@context":"https:\/\/schema.org","@graph":[{"@type":"WebPage","@id":"https:\/\/www.hotelbrindazur.com\/en\/activities\/","url":"https:\/\/www.hotelbrindazur.com\/en\/activities\/","name":"Activities - H\u00f4tel Brin d'Azur","isPartOf":{"@id":"https:\/\/www.hotelbrindazur.com\/en\/#website"},"primaryImageOfPage":{"@id":"https:\/\/www.hotelbrindazur.com\/en\/activities\/#primaryimage"},"image":{"@id":"https:\/\/www.hotelbrindazur.com\/en\/activities\/#primaryimage"},"thumbnailUrl":"https:\/\/www.hotelbrindazur.com\/wp-content\/uploads\/sites\/61\/2023\/08\/Piscine.jpg","datePublished":"2023-08-23T14:14:28+00:00","dateModified":"2023-08-31T09:32:36+00:00","breadcrumb":{"@id":"https:\/\/www.hotelbrindazur.com\/en\/activities\/#breadcrumb"},"inLanguage":"en-US","potentialAction":[{"@type":"ReadAction","target":["https:\/\/www.hotelbrindazur.com\/en\/activities\/"]}]},{"@type":"ImageObject","inLanguage":"en-US","@id":"https:\/\/www.hotelbrindazur.com\/en\/activities\/#primaryimage","url":"https:\/\/www.hotelbrindazur.com\/wp-content\/uploads\/sites\/61\/2023\/08\/Piscine.jpg","contentUrl":"https:\/\/www.hotelbrindazur.com\/wp-content\/uploads\/sites\/61\/2023\/08\/Piscine.jpg","width":1798,"height":1200},{"@type":"BreadcrumbList","@id":"https:\/\/www.hotelbrindazur.com\/en\/activities\/#breadcrumb","itemListElement":[{"@type":"ListItem","position":1,"name":"Home","item":"https:\/\/www.hotelbrindazur.com\/en\/"},{"@type":"ListItem","position":2,"name":"Activities"}]},{"@type":"WebSite","@id":"https:\/\/www.hotelbrindazur.com\/en\/#website","url":"https:\/\/www.hotelbrindazur.com\/en\/","name":"H\u00f4tel Brin d'Azur","description":"","potentialAction":[{"@type":"SearchAction","target":{"@type":"EntryPoint","urlTemplate":"https:\/\/www.hotelbrindazur.com\/en\/?s={search_term_string}"},"query-input":{"@type":"PropertyValueSpecification","valueRequired":true,"valueName":"search_term_string"}}],"inLanguage":"en-US"}]}},"acf":[],"_links":{"self":[{"href":"https:\/\/www.hotelbrindazur.com\/en\/wp-json\/wp\/v2\/pages\/214","targetHints":{"allow":["GET"]}}],"collection":[{"href":"https:\/\/www.hotelbrindazur.com\/en\/wp-json\/wp\/v2\/pages"}],"about":[{"href":"https:\/\/www.hotelbrindazur.com\/en\/wp-json\/wp\/v2\/types\/page"}],"author":[{"embeddable":true,"href":"https:\/\/www.hotelbrindazur.com\/en\/wp-json\/wp\/v2\/users\/27"}],"replies":[{"embeddable":true,"href":"https:\/\/www.hotelbrindazur.com\/en\/wp-json\/wp\/v2\/comments?post=214"}],"version-history":[{"count":0,"href":"https:\/\/www.hotelbrindazur.com\/en\/wp-json\/wp\/v2\/pages\/214\/revisions"}],"wp:featuredmedia":[{"embeddable":true,"href":"https:\/\/www.hotelbrindazur.com\/en\/wp-json\/wp\/v2\/media\/68"}],"wp:attachment":[{"href":"https:\/\/www.hotelbrindazur.com\/en\/wp-json\/wp\/v2\/media?parent=214"}],"curies":[{"name":"wp","href":"https:\/\/api.w.org\/{rel}","templated":true}]}}